{"id":97,"date":"2020-07-23T11:28:21","date_gmt":"2020-07-23T09:28:21","guid":{"rendered":"http:\/\/172.26.92.141\/wp-progedo\/?page_id=97"},"modified":"2021-03-21T11:43:07","modified_gmt":"2021-03-21T10:43:07","slug":"la-tgir-progedo","status":"publish","type":"page","link":"https:\/\/msh-progedo-loire.univ-nantes.fr\/index.php\/presentation\/la-tgir-progedo\/","title":{"rendered":"La TGIR PROGEDO"},"content":{"rendered":"<p>PROGEDO-Loire est la d\u00e9clinaison locale de la <a href=\"http:\/\/www.progedo.fr\/\" target=\"_blank\" rel=\"noopener noreferrer\">TGIR PROGEDO<\/a> (PROduction et GEstion de DOnn\u00e9es).<\/p>\n<p><strong>Les TGIR<\/strong> (Tr\u00e8s Grandes Infrastructures de Recherche) sont des outils nationaux s&rsquo;inscrivant dans un cadre europ\u00e9en : le d\u00e9veloppement des infrastructures de recherche fait ainsi partie des objectifs affich\u00e9s du programme H2020, et les TGIR fran\u00e7aises se r\u00e9unissent (avec leurs homologues europ\u00e9ens) au sein des <a href=\"https:\/\/ec.europa.eu\/info\/research-and-innovation\/strategy\/european-research-infrastructures\/eric_en\" target=\"_blank\" rel=\"noopener noreferrer\">ERIC<\/a> (European Research Infrastructure Consortium). Le budget qui leur est consacr\u00e9 par la MIRES (Mission Interminist\u00e9rielle Recherche et Enseignement Sup\u00e9rieur) t\u00e9moigne de leur importance strat\u00e9gique pour la politique de recherche.<\/p>\n<p>En 2020, on compte 21 TGIR et seulement deux en SHS. Les deux TGIR en SHS sont Huma-Num et PROGEDO :<\/p>\n<ul>\n<li><a href=\"https:\/\/www.huma-num.fr\" target=\"_blank\" rel=\"noopener noreferrer\">Huma-Num<\/a> (Humanit\u00e9s Num\u00e9riques) vise \u00e0 accompagner le tournant au num\u00e9rique ;<\/li>\n<li><a href=\"http:\/\/www.progedo.fr\">PROGEDO<\/a> (PROduction et GEstion de DOnn\u00e9es) vise \u00e0 d\u00e9velopper la culture de la donn\u00e9e chiffr\u00e9e en SHS.<\/li>\n<\/ul>\n<p>L\u2019organisation de la TGIR est con\u00e7ue pour les trois niveaux d\u2019enjeux strat\u00e9giques o\u00f9 elle doit intervenir :<\/p>\n<ul>\n<li>au niveau europ\u00e9en avec l\u2019investissement dans les consortiums europ\u00e9ens (ERIC), le financement et la construction partag\u00e9e des grandes enqu\u00eates ;<\/li>\n<li>au niveau national \u00e0 travers le portail d\u2019acc\u00e8s Qu\u00e9telet-PROGEDO Diffusion qui catalogue et d\u00e9livre des donn\u00e9es fran\u00e7aises en SHS. Ce portail est aliment\u00e9 par 4 fournisseurs :\n<ul>\n<li>L\u2019<a href=\"http:\/\/www.progedo-adisp.fr\/\">ADISP<\/a> : Archives de Donn\u00e9es Issues de la Statistique Publique<\/li>\n<li>Le <a href=\"https:\/\/cdsp.sciences-po.fr\/fr\/\" target=\"_blank\" rel=\"noopener noreferrer\">CDSP<\/a> : Centre de Donn\u00e9es socio-politiques de SciencesPo<\/li>\n<li><a href=\"https:\/\/www.ined.fr\/\" target=\"_blank\" rel=\"noopener noreferrer\">L\u2019INED<\/a> : Institut National d\u2019Etudes D\u00e9mographiques<\/li>\n<li>Le <a href=\"https:\/\/www.casd.eu\/\" target=\"_blank\" rel=\"noopener noreferrer\">CASD<\/a> : Centre d\u2019Acc\u00e8s S\u00e9curis\u00e9 aux Donn\u00e9es<\/li>\n<\/ul>\n<\/li>\n<li>au niveau r\u00e9gional via les PUD, Plateformes Universitaires de Donn\u00e9es (dont PROGEDO-Loire).<\/li>\n<\/ul>\n<p><strong>Les PUD<\/strong> (Plateformes Universitaires de Donn\u00e9es) sont donc les ambassadeurs locaux de la TGIR, et leurs principales missions sont les suivantes :<\/p>\n<ul>\n<li>Faciliter l\u2019acc\u00e8s aux enqu\u00eates et aux bases de donn\u00e9es quantitatives, diffus\u00e9es par le portail <a href=\"http:\/\/quetelet.progedo.fr\/\">Quetelet-Progedo-Diffusion<\/a>, aux grandes enqu\u00eates europ\u00e9ennes ainsi qu\u2019aux grandes bases de donn\u00e9es internationales dont la TGIR garantit l\u2019acc\u00e8s (ICPSR, LIS) ;<\/li>\n<li>Aider la production, la gestion et la diffusion des donn\u00e9es locales et nationales, issues de toutes les disciplines de SHS &#8211; par l&rsquo;accompagnement de projets, l&rsquo;\u00e9v\u00e8nementiel et la formation ;<\/li>\n<li>Gagner et former de nouveaux publics, en particulier la jeune recherche dont les doctorants.<\/li>\n<\/ul>\n<p>Les ing\u00e9nieurs des 13 PUD fran\u00e7aises se r\u00e9unissent au moins deux fois par an, et ils \u00e9changent r\u00e9guli\u00e8rement via une liste de diffusion d\u00e9di\u00e9e. Ils s\u2019inscrivent \u00e9galement dans la dynamique du r\u00e9seau m\u00e9tiers <a href=\"https:\/\/mate-shs.cnrs.fr\/\">Mate-SHS<\/a> et peuvent ainsi participer aussi bien aux formations et actions de coordination nationales qu\u2019\u00e0 la structuration de groupes locaux.<\/p>\n<p>Pour en savoir plus sur les activit\u00e9s de la TGIR, et notamment sur les activit\u00e9s des douze autres PUD fran\u00e7aises :<\/p>\n<ul>\n<li>voir <a href=\"https:\/\/progedo.hypotheses.org\/826\" target=\"_blank\" rel=\"noopener noreferrer\">la charte des PUD<\/a><\/li>\n<li>voir <a href=\"https:\/\/progedo.hypotheses.org\/\" target=\"_blank\" rel=\"noopener noreferrer\">le carnet PROGEDO<\/a><\/li>\n<\/ul>\n","protected":false},"excerpt":{"rendered":"<p>PROGEDO-Loire est la d\u00e9clinaison locale de la TGIR PROGEDO (PROduction et GEstion de DOnn\u00e9es). Les TGIR (Tr\u00e8s Grandes Infrastructures de Recherche) sont des outils nationaux s&rsquo;inscrivant dans un cadre europ\u00e9en : le d\u00e9veloppement des infrastructures de recherche fait ainsi partie des objectifs affich\u00e9s du programme H2020, et les TGIR fran\u00e7aises se r\u00e9unissent (avec leurs homologues<\/p>\n<p><a class=\"moretag\" href=\"https:\/\/msh-progedo-loire.univ-nantes.fr\/index.php\/presentation\/la-tgir-progedo\/\"> En lire plus&#8230;<\/a><\/p>\n","protected":false},"author":2,"featured_media":0,"parent":41,"menu_order":0,"comment_status":"closed","ping_status":"closed","template":"","meta":{"footnotes":""},"acf":[],"_links":{"self":[{"href":"https:\/\/msh-progedo-loire.univ-nantes.fr\/index.php\/wp-json\/wp\/v2\/pages\/97"}],"collection":[{"href":"https:\/\/msh-progedo-loire.univ-nantes.fr\/index.php\/wp-json\/wp\/v2\/pages"}],"about":[{"href":"https:\/\/msh-progedo-loire.univ-nantes.fr\/index.php\/wp-json\/wp\/v2\/types\/page"}],"author":[{"embeddable":true,"href":"https:\/\/msh-progedo-loire.univ-nantes.fr\/index.php\/wp-json\/wp\/v2\/users\/2"}],"replies":[{"embeddable":true,"href":"https:\/\/msh-progedo-loire.univ-nantes.fr\/index.php\/wp-json\/wp\/v2\/comments?post=97"}],"version-history":[{"count":5,"href":"https:\/\/msh-progedo-loire.univ-nantes.fr\/index.php\/wp-json\/wp\/v2\/pages\/97\/revisions"}],"predecessor-version":[{"id":441,"href":"https:\/\/msh-progedo-loire.univ-nantes.fr\/index.php\/wp-json\/wp\/v2\/pages\/97\/revisions\/441"}],"up":[{"embeddable":true,"href":"https:\/\/msh-progedo-loire.univ-nantes.fr\/index.php\/wp-json\/wp\/v2\/pages\/41"}],"wp:attachment":[{"href":"https:\/\/msh-progedo-loire.univ-nantes.fr\/index.php\/wp-json\/wp\/v2\/media?parent=97"}],"curies":[{"name":"wp","href":"https:\/\/api.w.org\/{rel}","templated":true}]}}