{"id":183,"date":"2020-09-07T12:32:51","date_gmt":"2020-09-07T10:32:51","guid":{"rendered":"http:\/\/172.26.92.141\/wp-progedo\/?page_id=183"},"modified":"2021-03-17T15:23:38","modified_gmt":"2021-03-17T14:23:38","slug":"credits","status":"publish","type":"page","link":"https:\/\/msh-progedo-loire.univ-nantes.fr\/index.php\/credits\/","title":{"rendered":"Cr\u00e9dits"},"content":{"rendered":"<p>R\u00e9dactrice en chef : Aliette ROUX<\/p>\n<p>\u00c9quipe de r\u00e9daction : Aliette ROUX<\/p>\n<p>Les cr\u00e9dits photographiques et iconographiques sont mentionn\u00e9s dans les articles.<\/p>\n<p>L\u2019ensemble du carnet est sous licence Creative Commons : Attribution\u00a0+ Pas d\u2019Utilisation Commerciale + Pas de Modification (<a href=\"https:\/\/creativecommons.org\/licenses\/by-nc-nd\/2.0\/fr\/\" target=\"_blank\" rel=\"noopener noreferrer\">CC BY NC ND<\/a>). Le titulaire des droits autorise l\u2019utilisation de l\u2019\u0153uvre originale \u00e0\u00a0des fins non commerciales, mais n\u2019autorise pas la cr\u00e9ation d\u2019\u0153uvres d\u00e9riv\u00e9s.<\/p>\n<p>Pour citer le blog :<\/p>\n<p>PROGEDO-Loire &#8211; Plateforme Universitaire de Donn\u00e9es de la R\u00e9gion Pays-de-la-Loire. Cr\u00e9ation le 1er octobre 2020, disponible sur https:\/\/msh-progedo-loire.univ-nantes.fr\/. Consult\u00e9 le [date \u00e0 laquelle vous avez consult\u00e9 le site].<\/p>\n<p>Pour citer un article :<\/p>\n<p>Auteur du billet, \u00ab\u00a0Titre du billet\u00a0\u00bb. [En ligne], mis en ligne le [date de publication du billet]. Disponible sur\u00a0[url du billet] Consult\u00e9 le [date \u00e0 laquelle vous avez consult\u00e9 la page].<\/p>\n","protected":false},"excerpt":{"rendered":"<p>R\u00e9dactrice en chef : Aliette ROUX \u00c9quipe de r\u00e9daction : Aliette ROUX Les cr\u00e9dits photographiques et iconographiques sont mentionn\u00e9s dans les articles. L\u2019ensemble du carnet est sous licence Creative Commons : Attribution\u00a0+ Pas d\u2019Utilisation Commerciale + Pas de Modification (CC BY NC ND). Le titulaire des droits autorise l\u2019utilisation de l\u2019\u0153uvre originale \u00e0\u00a0des fins non<\/p>\n<p><a class=\"moretag\" href=\"https:\/\/msh-progedo-loire.univ-nantes.fr\/index.php\/credits\/\"> En lire plus&#8230;<\/a><\/p>\n","protected":false},"author":2,"featured_media":0,"parent":0,"menu_order":0,"comment_status":"closed","ping_status":"closed","template":"","meta":{"footnotes":""},"acf":[],"_links":{"self":[{"href":"https:\/\/msh-progedo-loire.univ-nantes.fr\/index.php\/wp-json\/wp\/v2\/pages\/183"}],"collection":[{"href":"https:\/\/msh-progedo-loire.univ-nantes.fr\/index.php\/wp-json\/wp\/v2\/pages"}],"about":[{"href":"https:\/\/msh-progedo-loire.univ-nantes.fr\/index.php\/wp-json\/wp\/v2\/types\/page"}],"author":[{"embeddable":true,"href":"https:\/\/msh-progedo-loire.univ-nantes.fr\/index.php\/wp-json\/wp\/v2\/users\/2"}],"replies":[{"embeddable":true,"href":"https:\/\/msh-progedo-loire.univ-nantes.fr\/index.php\/wp-json\/wp\/v2\/comments?post=183"}],"version-history":[{"count":3,"href":"https:\/\/msh-progedo-loire.univ-nantes.fr\/index.php\/wp-json\/wp\/v2\/pages\/183\/revisions"}],"predecessor-version":[{"id":336,"href":"https:\/\/msh-progedo-loire.univ-nantes.fr\/index.php\/wp-json\/wp\/v2\/pages\/183\/revisions\/336"}],"wp:attachment":[{"href":"https:\/\/msh-progedo-loire.univ-nantes.fr\/index.php\/wp-json\/wp\/v2\/media?parent=183"}],"curies":[{"name":"wp","href":"https:\/\/api.w.org\/{rel}","templated":true}]}}