{"id":100,"date":"2020-07-23T11:31:22","date_gmt":"2020-07-23T09:31:22","guid":{"rendered":"http:\/\/172.26.92.141\/wp-progedo\/?page_id=100"},"modified":"2021-03-19T09:26:57","modified_gmt":"2021-03-19T08:26:57","slug":"les-services","status":"publish","type":"page","link":"https:\/\/msh-progedo-loire.univ-nantes.fr\/index.php\/presentation\/les-services\/","title":{"rendered":"Les services PROGEDO-Loire"},"content":{"rendered":"\n<h3 class=\"wp-block-heading\">Interventions et formations<\/h3>\n\n\n\n<p>Interventions et formations sur le campus, au sein des \u00c9coles doctorales, des laboratoires de recherche ou des composantes<\/p>\n\n\n\n<ul><li>Pr\u00e9sentation de bases de donn\u00e9es et de grandes enqu\u00eates<\/li><li>Formations \u00e0 certains logiciels (R, QGIS, Iramuteq)<\/li><li>Formations \u00e0 certains langages de programmation<\/li><li>Formations sur les m\u00e9thodes quantitatives<\/li><li>Formations sur la science ouverte : production, gestion et diffusion de donn\u00e9es en SHS<\/li><li>Actions de sensibilisation dans les Masters Recherche<\/li><li>Veille bibliographique, technique, m\u00e9thodologique autour de la donn\u00e9e chiffr\u00e9e<\/li><\/ul>\n\n\n\n<p>Voir plus de d\u00e9tails dans la cat\u00e9gorie <a href=\"https:\/\/msh-progedo-loire.univ-nantes.fr\/index.php\/category\/formation\/\">Formation<\/a><\/p>\n\n\n\n<h3 class=\"wp-block-heading\">Organisation de rencontres scientifiques<\/h3>\n\n\n\n<p>Organisation de rencontres scientifiques en lien avec les donn\u00e9es et m\u00e9thodes quantitatives en SHS.<\/p>\n\n\n\n<ul><li>S\u00e9minaire PROGEDO-Loire &#8211; 6 s\u00e9ances annuelles<\/li><li>Semaine Data-SHS &#8211; chaque ann\u00e9e au mois de d\u00e9cembre<\/li><li>Journ\u00e9es d\u2019\u00e9tudes<\/li><li>Autres \u00e9v\u00e8nements organis\u00e9s avec des acteurs locaux<\/li><\/ul>\n\n\n\n<p>Voir plus de d\u00e9tails dans la cat\u00e9gorie <a href=\"https:\/\/msh-progedo-loire.univ-nantes.fr\/index.php\/category\/evenements\/\">Ev\u00e8nements<\/a><\/p>\n\n\n\n<h3 class=\"wp-block-heading\">Accompagnement de projets<\/h3>\n\n\n\n<ul><li>Acc\u00e8s aux donn\u00e9es<\/li><li>Syst\u00e8mes de gestion de bases de donn\u00e9es<\/li><li>Choix et utilisation des logiciels<\/li><li>Choix et application des m\u00e9thodes d\u2019enqu\u00eate, de traitement et d\u2019analyse de donn\u00e9es (ex : tests statistiques, analyses multivari\u00e9es, analyse textuelle, spatialisation et cartographie\u2026)<\/li><li>Interpr\u00e9tation des r\u00e9sultats<\/li><li>Science ouverte : pr\u00e9paration des Plans de gestion de donn\u00e9es (PGD ou DMP) ; publication des jeux de donn\u00e9es sur Quetelet-Progedo-Diffusion ; respect des donn\u00e9es personnelles (RGPD)<\/li><\/ul>\n\n\n\n<p>Voir des exemples dans la cat\u00e9gorie <a href=\"http:\/\/172.26.92.141\/wp-progedo\/index.php\/category\/travaux\/\">Travaux<\/a><\/p>\n\n\n\n<h3 class=\"wp-block-heading\">Aide financi\u00e8re<\/h3>\n\n\n\n<ul><li>Acc\u00e8s \u00e0 des donn\u00e9es sensibles : acc\u00e8s \u00e0 un terminal <a href=\"https:\/\/www.casd.eu\/\">CASD<\/a> (SD-Box)<\/li><li>Achat d\u2019ouvrages sp\u00e9cialis\u00e9s<\/li><li>Participation \u00e0 des \u00e9coles th\u00e9matiques, colloques, conf\u00e9rences, s\u00e9minaires, rencontres &#8211; en lien avec la production, la gestion et\/ou l\u2019analyse de donn\u00e9es quantitatives<\/li><\/ul>\n\n\n\n<p>Pour l\u2019acc\u00e8s aux donn\u00e9es du CASD ou l\u2019achat d\u2019ouvrages sp\u00e9cialis\u00e9s, s\u2019adresser \u00e0 Aliette ROUX, IR PROGEDO-Loire &#8211; <a href=\"mailto:aliette.roux@univ-nantes.fr\">aliette.roux@univ-nantes.fr<\/a>. Pour les demandes concernant les autres aides financi\u00e8res, voir <a href=\"https:\/\/uncloud.univ-nantes.fr\/index.php\/s\/RCNdE6ZCz7Jg6J8\">la d\u00e9marche \u00e0 suivre<\/a>.<\/p>\n\n\n\n<div class=\"wp-block-media-text alignwide is-stacked-on-mobile\" style=\"grid-template-columns:15% auto\"><figure class=\"wp-block-media-text__media\"><a href=\"https:\/\/uncloud.univ-nantes.fr\/index.php\/s\/2E9nbttjqticz9w\"><img decoding=\"async\" loading=\"lazy\" width=\"70\" height=\"86\" src=\"https:\/\/msh-progedo-loire.univ-nantes.fr\/wp-content\/uploads\/2020\/11\/format_PDF-3.jpg\" alt=\"\" class=\"wp-image-376 size-full\"\/><\/a><\/figure><div class=\"wp-block-media-text__content\">\n<p class=\"has-text-align-left has-normal-font-size\">T\u00e9l\u00e9charger <a href=\"https:\/\/uncloud.univ-nantes.fr\/index.php\/s\/2E9nbttjqticz9w\">le d\u00e9pliant de communication PROGEDO-Loire<\/a> au format pdf<\/p>\n<\/div><\/div>\n","protected":false},"excerpt":{"rendered":"<p>Interventions et formations Interventions et formations sur le campus, au sein des \u00c9coles doctorales, des laboratoires de recherche ou des composantes Pr\u00e9sentation de bases de donn\u00e9es et de grandes enqu\u00eates Formations \u00e0 certains logiciels (R, QGIS, Iramuteq) Formations \u00e0 certains langages de programmation Formations sur les m\u00e9thodes quantitatives Formations sur la science ouverte : production,<\/p>\n<p><a class=\"moretag\" href=\"https:\/\/msh-progedo-loire.univ-nantes.fr\/index.php\/presentation\/les-services\/\"> En lire plus&#8230;<\/a><\/p>\n","protected":false},"author":2,"featured_media":0,"parent":41,"menu_order":0,"comment_status":"closed","ping_status":"closed","template":"","meta":{"footnotes":""},"acf":[],"_links":{"self":[{"href":"https:\/\/msh-progedo-loire.univ-nantes.fr\/index.php\/wp-json\/wp\/v2\/pages\/100"}],"collection":[{"href":"https:\/\/msh-progedo-loire.univ-nantes.fr\/index.php\/wp-json\/wp\/v2\/pages"}],"about":[{"href":"https:\/\/msh-progedo-loire.univ-nantes.fr\/index.php\/wp-json\/wp\/v2\/types\/page"}],"author":[{"embeddable":true,"href":"https:\/\/msh-progedo-loire.univ-nantes.fr\/index.php\/wp-json\/wp\/v2\/users\/2"}],"replies":[{"embeddable":true,"href":"https:\/\/msh-progedo-loire.univ-nantes.fr\/index.php\/wp-json\/wp\/v2\/comments?post=100"}],"version-history":[{"count":15,"href":"https:\/\/msh-progedo-loire.univ-nantes.fr\/index.php\/wp-json\/wp\/v2\/pages\/100\/revisions"}],"predecessor-version":[{"id":378,"href":"https:\/\/msh-progedo-loire.univ-nantes.fr\/index.php\/wp-json\/wp\/v2\/pages\/100\/revisions\/378"}],"up":[{"embeddable":true,"href":"https:\/\/msh-progedo-loire.univ-nantes.fr\/index.php\/wp-json\/wp\/v2\/pages\/41"}],"wp:attachment":[{"href":"https:\/\/msh-progedo-loire.univ-nantes.fr\/index.php\/wp-json\/wp\/v2\/media?parent=100"}],"curies":[{"name":"wp","href":"https:\/\/api.w.org\/{rel}","templated":true}]}}